{"id":2,"date":"2021-04-12T14:02:12","date_gmt":"2021-04-12T12:02:12","guid":{"rendered":"https:\/\/www.elcuartolucido.com\/?page_id=2"},"modified":"2025-02-13T21:00:53","modified_gmt":"2025-02-13T20:00:53","slug":"que-es","status":"publish","type":"page","link":"https:\/\/www.elcuartolucido.com\/","title":{"rendered":"\u00bfQu\u00e9 es?"},"content":{"rendered":"\n<style type=\"text\/css\" data-created_by=\"avia_inline_auto\" id=\"style-css-av-716i-8bfd0e1fae70a4e0d8797d3b29d26690\">\n.flex_column.av-716i-8bfd0e1fae70a4e0d8797d3b29d26690{\nborder-radius:0px 0px 0px 0px;\npadding:0px 0px 0px 0px;\n}\n<\/style>\n<div  class='flex_column av-716i-8bfd0e1fae70a4e0d8797d3b29d26690 av_one_half  avia-builder-el-0  el_before_av_one_half  avia-builder-el-first  first flex_column_div av-zero-column-padding  '     ><section  class='av_textblock_section av-5ae8-12053520c4c98308d9a3d3e228def838 '   itemscope=\"itemscope\" itemtype=\"https:\/\/schema.org\/CreativeWork\" ><div class='avia_textblock'  itemprop=\"text\" ><h4><strong>En memoria de Pedro Puertas Herrera\u2026<\/strong><\/h4>\n<\/div><\/section><br \/>\n\n<style type=\"text\/css\" data-created_by=\"avia_inline_auto\" id=\"style-css-av-m738rab5-4311f78d7f2ef8907874adab2e1bd760\">\n#top .hr.hr-invisible.av-m738rab5-4311f78d7f2ef8907874adab2e1bd760{\nheight:30px;\n}\n<\/style>\n<div  class='hr av-m738rab5-4311f78d7f2ef8907874adab2e1bd760 hr-invisible  avia-builder-el-2  el_after_av_textblock  el_before_av_textblock '><span class='hr-inner '><span class=\"hr-inner-style\"><\/span><\/span><\/div><br \/>\n<section  class='av_textblock_section av-lna5tbd9-36a7c453bcc47619724b06c35039259d '   itemscope=\"itemscope\" itemtype=\"https:\/\/schema.org\/CreativeWork\" ><div class='avia_textblock'  itemprop=\"text\" ><p>Proyecto que tiene como fin crear puntos de encuentro entre fotograf\u00eda y arquitectura mediante una programaci\u00f3n cultural que vincula el Centro Jos\u00e9 Guerrero, La Ampliadora | Escuela Social de Fotograf\u00eda, Pa-ta-ta festival,\u00a0 la Revista Digital Engawa y el Colegio Oficial de Arquitectos de Granada<\/p>\n<p>Hasta la fecha se han realizado cuatro ediciones que obedecen a una convocatoria p\u00fablica a la que pueden presentarse las personas interesadas, con el objetivo de difundir proyectos que dialoguen entre fotograf\u00eda y arquitectura en su sentido m\u00e1s amplio.<\/p>\n<\/div><\/section><br \/>\n\n<style type=\"text\/css\" data-created_by=\"avia_inline_auto\" id=\"style-css-av-lieiykhh-2395c0d75d503a21621dafb29e0e8d9b\">\n#top .hr.hr-invisible.av-lieiykhh-2395c0d75d503a21621dafb29e0e8d9b{\nheight:20px;\n}\n<\/style>\n<div  class='hr av-lieiykhh-2395c0d75d503a21621dafb29e0e8d9b hr-invisible  avia-builder-el-4  el_after_av_textblock  el_before_av_textblock '><span class='hr-inner '><span class=\"hr-inner-style\"><\/span><\/span><\/div><br \/>\n<section  class='av_textblock_section av-lieiyc8n-310c2a919eff13ce7288be730a2668f5 '   itemscope=\"itemscope\" itemtype=\"https:\/\/schema.org\/CreativeWork\" ><div class='avia_textblock'  itemprop=\"text\" ><h4><strong>SELECCIONADOS<\/strong><\/h4>\n<p><em>2018 &#8211; 2019<\/em><\/p>\n<p>Agus Bres, David Salcedo y el colectivo LaMuta<\/p>\n<p><em>2020 &#8211; 2021<\/em><\/p>\n<p>Pablo Trenor, Gregorio Reche y Emilio Pemjean<\/p>\n<p><em>2022 &#8211; 2023<\/em><\/p>\n<p>Antonio Fern\u00e1ndez Morillas, Pablo L\u00f3pez y Elena Almagro<\/p>\n<p><em>2024 -2025<\/em><\/p>\n<p>Luana Fischer, Luis Rodr\u00edguez y Colectivo S\/T (Arguider Aparicio y Carlos Mu\u00f1oz)<\/p>\n<\/div><\/section><\/p><\/div>\n\n<style type=\"text\/css\" data-created_by=\"avia_inline_auto\" id=\"style-css-av-bbk-5a51659515378a7e06da6e99f1ee2028\">\n.flex_column.av-bbk-5a51659515378a7e06da6e99f1ee2028{\nborder-radius:0px 0px 0px 0px;\npadding:0px 0px 0px 0px;\n}\n<\/style>\n<div  class='flex_column av-bbk-5a51659515378a7e06da6e99f1ee2028 av_one_half  avia-builder-el-6  el_after_av_one_half  el_before_av_hr  flex_column_div av-zero-column-padding  '     ><section  class='av_textblock_section av-kquq739q-6b26ea2b07c42148a95e21c8abe0ae40 '   itemscope=\"itemscope\" itemtype=\"https:\/\/schema.org\/CreativeWork\" ><div class='avia_textblock'  itemprop=\"text\" ><h4><strong>NUEVA ETAPA<\/strong><\/h4>\n<p>Para continuar, se ha estimado conveniente plantear una nueva etapa. En primer lugar, se trata de consolidar la marca ajustando m\u00e1s n\u00edtidamente el campo sobre el que queremos operar, unificando todo el proyecto en una sola web cuyo dominio fuera la propia marca: <em>El cuarto l\u00facido<\/em>. Esto es m\u00e1s necesario ahora porque dos nuevos socios se han sumado a la aventura: el Colegio de Arquitectos de Granada y la revista digital <em>Engawa<\/em>.<\/p>\n<p>En segundo lugar, la nueva convocatoria debe concentrarse en los dos \u00edtems esenciales: fotograf\u00eda y arquitectura, renunciando a otras limitaciones para abrirla a cualquier desarrollo a partir de la ecuaci\u00f3n posibilitada por esos t\u00e9rminos. No conviene, y menos en tiempos de pandemia, restringir el campo de actuaci\u00f3n a un territorio en concreto, y tampoco pedir que se trabaje una estaci\u00f3n espec\u00edfica del a\u00f1o. Tambi\u00e9n tiene que quedar claro que el asunto no es <em>fotograf\u00eda de arquitectura<\/em>, sino <em>fotograf\u00eda y arquitectura<\/em> en todos los sentidos en que quiera entenderse la relaci\u00f3n, no necesariamente del registro objetivo de un edificio con un criterio puramente descriptivo, pues tambi\u00e9n podr\u00e1n proponerse huellas subjetivas de un habitar, hallazgos de cualquier tipo en lugares concretos, abstracciones formalistas, construcci\u00f3n de im\u00e1genes, etc.<\/p>\n<p>En fin, cada cap\u00edtulo de la nueva etapa no debe agotarse en la parte propiamente expositiva, sino que se implementar\u00e1n una serie de actuaciones para expandirla, dinamiz\u00e1ndola y multiplicando sus efectos discursivos, profesionales y sociales.<\/p>\n<\/div><\/section><\/div>\n\n<style type=\"text\/css\" data-created_by=\"avia_inline_auto\" id=\"style-css-av-e4gi-4d72e0ec675104f2761938c997b0cd75\">\n#top .hr.hr-invisible.av-e4gi-4d72e0ec675104f2761938c997b0cd75{\nheight:50px;\n}\n<\/style>\n<div  class='hr av-e4gi-4d72e0ec675104f2761938c997b0cd75 hr-invisible  avia-builder-el-8  el_after_av_one_half  el_before_av_one_full '><span class='hr-inner '><span class=\"hr-inner-style\"><\/span><\/span><\/div>\n\n<style type=\"text\/css\" data-created_by=\"avia_inline_auto\" id=\"style-css-av-cdy8-5c19a51c9c96dbc5d53b77063376d2a3\">\n.flex_column.av-cdy8-5c19a51c9c96dbc5d53b77063376d2a3{\nborder-radius:0px 0px 0px 0px;\npadding:0px 0px 0px 0px;\n}\n<\/style>\n<div  class='flex_column av-cdy8-5c19a51c9c96dbc5d53b77063376d2a3 av_one_full  avia-builder-el-9  el_after_av_hr  avia-builder-el-last  first flex_column_div av-zero-column-padding  '     ><p>\n<style type=\"text\/css\" data-created_by=\"avia_inline_auto\" id=\"style-css-av-96ji-c139a874442fa9c4fea8e7f994dfdc74\">\n#top .av_textblock_section.av-96ji-c139a874442fa9c4fea8e7f994dfdc74 .avia_textblock{\nfont-size:12px;\n}\n<\/style>\n<section  class='av_textblock_section av-96ji-c139a874442fa9c4fea8e7f994dfdc74 '   itemscope=\"itemscope\" itemtype=\"https:\/\/schema.org\/CreativeWork\" ><div class='avia_textblock'  itemprop=\"text\" ><p><strong>Un proyecto ideado<\/strong><\/p>\n<\/div><\/section><br \/>\n\n<style type=\"text\/css\" data-created_by=\"avia_inline_auto\" id=\"style-css-av-6xus-db3307f56027e131e98335f5fe814972\">\n#top .hr.hr-invisible.av-6xus-db3307f56027e131e98335f5fe814972{\nmargin-top:-40px;\nheight:1px;\n}\n<\/style>\n<div  class='hr av-6xus-db3307f56027e131e98335f5fe814972 hr-invisible  avia-builder-el-11  el_after_av_textblock  el_before_av_partner '><span class='hr-inner '><span class=\"hr-inner-style\"><\/span><\/span><\/div><br \/>\n<div  class='avia-logo-element-container av-5q2e-0d9225b29dd98c0f082632d537a8bdbe av-border-deactivate avia-logo-slider avia-content-slider avia-smallarrow-slider avia-content-slider-active noHover avia-content-slider-odd  avia-builder-el-12  el_after_av_hr  avia-builder-el-last  av-slideshow-ui av-control-hidden av-nav-arrows-visible av-nav-dots-visible av-no-slider-navigation av-hide-nav-arrows av-slideshow-autoplay av-loop-endless av-loop-manual-endless avia-content-slider1' data-slideshow-options=\"{&quot;animation&quot;:&quot;slide&quot;,&quot;autoplay&quot;:true,&quot;loop_autoplay&quot;:&quot;endless&quot;,&quot;interval&quot;:5,&quot;loop_manual&quot;:&quot;manual-endless&quot;,&quot;autoplay_stopper&quot;:false,&quot;noNavigation&quot;:true,&quot;bg_slider&quot;:false,&quot;keep_padding&quot;:&quot;&quot;,&quot;hoverpause&quot;:false,&quot;show_slide_delay&quot;:0}\"><div class='avia-smallarrow-slider-heading  no-logo-slider-heading '><\/div><div class=\"avia-content-slider-inner\"><div class=\"slide-entry-wrap\"><div  class='slide-entry av-8l8-13d2fa5f79f0697cdcdb036f2f0a94e4 flex_column no_margin av_fullwidth real-thumbnail post-entry slide-entry-overview slide-loop-1 slide-parity-odd post-entry-last first'><span class='av-partner-fake-img' style='padding-bottom:13.601340033501%; background-image:url(https:\/\/www.elcuartolucido.com\/wp-content\/uploads\/2025\/02\/ECL-colaboradores.png);'><\/span><\/div><\/div><\/div><\/div><\/p><\/div>\n","protected":false},"excerpt":{"rendered":"","protected":false},"author":2,"featured_media":294,"parent":0,"menu_order":0,"comment_status":"closed","ping_status":"closed","template":"","meta":{"footnotes":""},"class_list":["post-2","page","type-page","status-publish","has-post-thumbnail","hentry"],"_links":{"self":[{"href":"https:\/\/www.elcuartolucido.com\/index.php\/wp-json\/wp\/v2\/pages\/2","targetHints":{"allow":["GET"]}}],"collection":[{"href":"https:\/\/www.elcuartolucido.com\/index.php\/wp-json\/wp\/v2\/pages"}],"about":[{"href":"https:\/\/www.elcuartolucido.com\/index.php\/wp-json\/wp\/v2\/types\/page"}],"author":[{"embeddable":true,"href":"https:\/\/www.elcuartolucido.com\/index.php\/wp-json\/wp\/v2\/users\/2"}],"replies":[{"embeddable":true,"href":"https:\/\/www.elcuartolucido.com\/index.php\/wp-json\/wp\/v2\/comments?post=2"}],"version-history":[{"count":36,"href":"https:\/\/www.elcuartolucido.com\/index.php\/wp-json\/wp\/v2\/pages\/2\/revisions"}],"predecessor-version":[{"id":685,"href":"https:\/\/www.elcuartolucido.com\/index.php\/wp-json\/wp\/v2\/pages\/2\/revisions\/685"}],"wp:featuredmedia":[{"embeddable":true,"href":"https:\/\/www.elcuartolucido.com\/index.php\/wp-json\/wp\/v2\/media\/294"}],"wp:attachment":[{"href":"https:\/\/www.elcuartolucido.com\/index.php\/wp-json\/wp\/v2\/media?parent=2"}],"curies":[{"name":"wp","href":"https:\/\/api.w.org\/{rel}","templated":true}]}}