{"id":18,"date":"2021-05-19T12:54:46","date_gmt":"2021-05-19T10:54:46","guid":{"rendered":"https:\/\/www.elcuartolucido.com\/?page_id=18"},"modified":"2025-12-04T10:21:55","modified_gmt":"2025-12-04T09:21:55","slug":"convocatoria-2023-2024","status":"publish","type":"page","link":"https:\/\/www.elcuartolucido.com\/index.php\/convocatoria-2023-2024\/","title":{"rendered":"Convocatoria 2025"},"content":{"rendered":"\n<style type=\"text\/css\" data-created_by=\"avia_inline_auto\" id=\"style-css-av-412q-37f8a730c2b2448bae7db1b84dd1b163\">\n.flex_column.av-412q-37f8a730c2b2448bae7db1b84dd1b163{\nborder-radius:0px 0px 0px 0px;\npadding:0px 0px 0px 0px;\n}\n<\/style>\n<div  class='flex_column av-412q-37f8a730c2b2448bae7db1b84dd1b163 av_one_half  avia-builder-el-0  el_before_av_one_half  avia-builder-el-first  first flex_column_div av-zero-column-padding  '     ><style type=\"text\/css\" data-created_by=\"avia_inline_auto\" id=\"style-css-av-liei09to-e0df48f3ef68de37c73131d46ec735d6\">\n#top .av_textblock_section.av-liei09to-e0df48f3ef68de37c73131d46ec735d6 .avia_textblock{\nfont-size:12px;\ncolor:#5c5a5c;\n}\n<\/style>\n<section  class='av_textblock_section av-liei09to-e0df48f3ef68de37c73131d46ec735d6 '   itemscope=\"itemscope\" itemtype=\"https:\/\/schema.org\/CreativeWork\" ><div class='avia_textblock av_inherit_color'  itemprop=\"text\" ><blockquote>\n<p>EL CUARTO L\u00daCIDO lanza una nueva convocatoria que mantiene los dos \u00edtems esenciales de la anterior: fotograf\u00eda y arquitectura. No fotograf\u00eda de arquitectura sino fotograf\u00eda y arquitectura. La relaci\u00f3n puede entenderse en el sentido que se quiera: adem\u00e1s del registro objetivo de edificios siguiendo criterios descriptivos, valen las huellas subjetivas del habitar, abstracciones, im\u00e1genes construidas y tantos etc\u00e9teras como permita la imaginaci\u00f3n.<\/p>\n<\/blockquote>\n<\/div><\/section><br \/>\n\n<style type=\"text\/css\" data-created_by=\"avia_inline_auto\" id=\"style-css-av-m738boqa-db7ec9320ab21c1bc15179a4a48d9421\">\n#top .hr.hr-invisible.av-m738boqa-db7ec9320ab21c1bc15179a4a48d9421{\nheight:30px;\n}\n<\/style>\n<div  class='hr av-m738boqa-db7ec9320ab21c1bc15179a4a48d9421 hr-invisible  avia-builder-el-2  el_after_av_textblock  el_before_av_textblock '><span class='hr-inner '><span class=\"hr-inner-style\"><\/span><\/span><\/div><br \/>\n<section  class='av_textblock_section av-zn46-9cec81831c2a057e26c053a302c79d15 '   itemscope=\"itemscope\" itemtype=\"https:\/\/schema.org\/CreativeWork\" ><div class='avia_textblock'  itemprop=\"text\" ><h4 style=\"text-align: left;\"><strong>INSCRIPCI\u00d3N<\/strong><\/h4>\n<p>Para inscribirse es necesario rellenar el formulario que figura en https:\/\/www.elcuartolucido.com<\/p>\n<p>Las personas participantes deber\u00e1n adjuntar un dosier que explique el proyecto fotogr\u00e1fico que quieren desarrollar y una propuesta de intervenci\u00f3n del espacio expositivo, as\u00ed como un curr\u00edculo sucinto con las exposiciones, publicaciones o trabajos m\u00e1s destacados.<\/p>\n<h4><strong>PROPUESTAS<\/strong><\/h4>\n<ul>\n<li>Las propuestas que se presenten no deben ser necesariamente de trabajos ya acabados, es decir, pueden concursar proyectos en cualquier grado de desarrollo, incluso sin ninguna foto a\u00fan realizada.<\/li>\n<li>Tambi\u00e9n lo contrario: pueden presentarse trabajos ya acabados, debidamente adaptados al esp\u00edritu de la convocatoria y al espacio de exposici\u00f3n.<\/li>\n<li>Junto al formulario de inscripci\u00f3n que se encuentra m\u00e1s abajo se puede descargar el plano del espacio que aloja El Cuarto L\u00facido.<\/li>\n<li>Aconsejamos documentarse gr\u00e1ficamente consultando los proyectos seleccionados realizados con anterioridad en el apartado \u00abProyectos\u00bb de elcuartolucido.com<\/li>\n<li>El n\u00famero de fotos que conformen el cuerpo de la propuesta es libre, y se adaptar\u00e1 (como sus dimensiones) al espacio de exposici\u00f3n.<\/li>\n<li>Pueden concurrir colectivos, en cuyo caso uno de los miembros presentar\u00e1 la propuesta en nombre del grupo.<\/li>\n<li>Puede concurrir una misma persona individualmente con un trabajo y como parte de un colectivo con otro, compitiendo consigo misma.<\/li>\n<li>Las propuestas tienen que concretarse en obras fotogr\u00e1ficas, pero no necesariamente impresas sobre papel, y su origen puede ser tanto de naturaleza anal\u00f3gica como digital.<\/li>\n<\/ul>\n<h4><strong>FECHAS<\/strong><\/h4>\n<ul>\n<li>La fecha de presentaci\u00f3n de dosieres se iniciar\u00e1 el 14 de febrero de 2025.<\/li>\n<li>La fecha l\u00edmite de recepci\u00f3n de dosieres ser\u00e1 el 14 de marzo de 2025.<\/li>\n<li>La selecci\u00f3n de los proyectos se har\u00e1 p\u00fablica el 21 de marzo de 2025 en la web de ECL y en las redes sociales de las entidades vinculadas a la convocatoria: <a href=\"https:\/\/www.instagram.com\/centrojoseguerrero\/\">Centro Jos\u00e9 Guerrero<\/a>, <a href=\"https:\/\/www.instagram.com\/pa_ta_ta_festival\/\">Pa-ta-ta festival<\/a>, <a href=\"https:\/\/www.instagram.com\/la_ampliadora\/\">La Ampliadora | Escuela Social de Fotograf\u00eda<\/a>, <a href=\"https:\/\/www.instagram.com\/coagranada\/\">Colegio Oficial de Arquitectos de Granada<\/a> y <a href=\"https:\/\/www.instagram.com\/revista_engawa\/\">Engawa <span class=\"small\">revista de cr\u00edtica y reflexi\u00f3n arquitect\u00f3nica.<\/span><\/a><\/li>\n<\/ul>\n<\/div><\/section><\/p><\/div>\n\n<style type=\"text\/css\" data-created_by=\"avia_inline_auto\" id=\"style-css-av-146ru-159abe341ab3f5b8ce9393b23d8e00dc\">\n.flex_column.av-146ru-159abe341ab3f5b8ce9393b23d8e00dc{\nborder-radius:0px 0px 0px 0px;\npadding:0px 0px 0px 0px;\n}\n<\/style>\n<div  class='flex_column av-146ru-159abe341ab3f5b8ce9393b23d8e00dc av_one_half  avia-builder-el-4  el_after_av_one_half  el_before_av_section  avia-builder-el-last  flex_column_div av-zero-column-padding  '     ><section  class='av_textblock_section av-kqv5pypg-76438c8270c606a336b1387ac0efb74b '   itemscope=\"itemscope\" itemtype=\"https:\/\/schema.org\/CreativeWork\" ><div class='avia_textblock'  itemprop=\"text\" ><h4><strong>PRODUCCI\u00d3N<\/strong><\/h4>\n<p>Se seleccionar\u00e1n dos proyectos para su exposici\u00f3n en 2025 (uno en verano y otro en oto\u00f1o), con la posibilidad de incluir un tercero para el invierno de 2026. A cada uno de ellos se les propondr\u00e1 las siguientes acciones:<\/p>\n<ul>\n<li><strong><strong> Centro Jos\u00e9 Guerrero: <\/strong><\/strong>destinar\u00e1 mil euros libres de impuestos a la realizaci\u00f3n de una intervenci\u00f3n expositiva en el espacio de El Cuarto L\u00facido.<\/li>\n<li><strong>La Ampliadora | Escuela Social de Fotograf\u00eda y Pa-ta-ta festival:<\/strong> valorar\u00e1 la posibilidad de ofrecer talleres formativos por parte de los seleccionados y ampliar la intervenci\u00f3n al espacio p\u00fablico.<\/li>\n<li><strong>Colegio Oficial de Arquitectos de Granada: <\/strong>valorar\u00e1 la posibilidad de otras acciones multiplicadoras en la sede del COAG para dinamizar las intervenciones.<\/li>\n<li><strong><strong>Engawa: <\/strong><\/strong>ofrecer\u00e1 un espacio a modo de art\u00edculo independiente a cada uno de los proyectos seleccionados ajust\u00e1ndose a las siguientes caracter\u00edsticas:<\/li>\n<\/ul>\n<ol>\n<li style=\"list-style-type: none;\">\n<ul>\n<li>El art\u00edculo debe ser original y estar escrito especialmente para ese n\u00famero de la revista, no aprovechado o reciclado de otros medios.<\/li>\n<li>El idioma ser\u00e1 el castellano o el ingl\u00e9s.<\/li>\n<li>La extensi\u00f3n recomendada es entre 300 y 1.500 palabras.<\/li>\n<li>El formato es libre, pudiendo ser un art\u00edculo de texto, o una propuesta puramente gr\u00e1fica.<\/li>\n<li>Para cualquier duda o sugerencia: engawainfo@engawa.es<\/li>\n<\/ul>\n<\/li>\n<\/ol>\n<h4><strong>PROGRAMACI\u00d3N<\/strong><\/h4>\n<p>Las exposiciones se acomodar\u00e1n a la programaci\u00f3n del Centro Jos\u00e9 Guerrero.<\/p>\n<h4><strong>PROCESO DE SELECCI\u00d3N<\/strong><\/h4>\n<ul>\n<li>Las exposiciones se acomodar\u00e1n a la programaci\u00f3n del Centro Jos\u00e9 Guerrero. Las personas participantes, una vez enviado el formulario de inscripci\u00f3n, pasar\u00e1n por un proceso de selecci\u00f3n. El jurado estar\u00e1 constituido por representantes del Centro Jos\u00e9 Guerrero, Pa-ta-ta festival, La Ampliadora, el COAG (Colegio Oficial de Arquitectos de Granada) y la revista digital Engawa.<\/li>\n<li>El 21 de marzo de 2025 se publicar\u00e1 en las redes sociales de las entidades vinculadas a la convocatoria las personas seleccionadas, con quienes la organizaci\u00f3n se pondr\u00e1 en contacto para concretar los plazos y t\u00e9rminos de su participaci\u00f3n y asistencia.<\/li>\n<\/ul>\n<h4><strong>PARTICIPACI\u00d3N<\/strong><\/h4>\n<p>La participaci\u00f3n en esta convocatoria conlleva la cesi\u00f3n de los derechos de publicaci\u00f3n y reproducci\u00f3n de las im\u00e1genes seleccionadas en todos aquellos casos relacionados con la promoci\u00f3n y difusi\u00f3n de El Cuarto L\u00facido.<\/p>\n<p>De conformidad con la Ley Org\u00e1nica 15\/1999 de Protecci\u00f3n de Datos Personales, las personas participantes dan su consentimiento para el tratamiento de los datos personales facilitados, relacionado con los tr\u00e1mites y gestiones de la actividad.<\/p>\n<\/div><\/section><\/div>\n<\/div><\/div><\/div><!-- close content main div --><\/div><\/div>\n<style type=\"text\/css\" data-created_by=\"avia_inline_auto\" id=\"style-css-av-kx6hoanp-9648acd81c177668be707652046ff463\">\n.avia-section.av-kx6hoanp-9648acd81c177668be707652046ff463{\nbackground-color:#ffffff;\nbackground-image:unset;\n}\n<\/style>\n<div id='av_section_1'  class='avia-section av-kx6hoanp-9648acd81c177668be707652046ff463 main_color avia-section-small avia-shadow  avia-builder-el-6  el_after_av_one_half  el_before_av_section  avia-bg-style-scroll container_wrap sidebar_right'  ><div class='container av-section-cont-open' ><div class='template-page content  av-content-small alpha units'><div class='post-entry post-entry-type-page post-entry-18'><div class='entry-content-wrapper clearfix'>\n<section  class='av_textblock_section av-kymp8pfj-9b8c68c84591fb51895dc93d3489d692 '   itemscope=\"itemscope\" itemtype=\"https:\/\/schema.org\/CreativeWork\" ><div class='avia_textblock'  itemprop=\"text\" ><p style=\"text-align: left;\"><strong>PLANO<br \/>\n<\/strong><\/p>\n<p>Aqu\u00ed puedes descargar el plano del espacio que aloja El Cuarto L\u00facido para realizar la propuesta de intervenci\u00f3n del espacio expositivo.<\/p>\n<p>La zona de intervenci\u00f3n es la indicada en color azul.<\/p>\n<\/div><\/section>\n<div  class='avia-button-wrap av-kympcdnq-98c441d7b645c87c4ae8531b32f75930-wrap avia-button-left  avia-builder-el-8  el_after_av_textblock  avia-builder-el-last '><a href='https:\/\/www.elcuartolucido.com\/wp-content\/uploads\/2022\/01\/PlanoCJG_elcuartolucido.pdf'  class='avia-button av-kympcdnq-98c441d7b645c87c4ae8531b32f75930 av-link-btn avia-icon_select-no avia-size-small avia-position-left avia-color-theme-color'  target=\"_blank\"  rel=\"noopener noreferrer\"  aria-label=\"Descargar\"><span class='avia_iconbox_title' >Descargar<\/span><\/a><\/div>\n\n<\/div><\/div><\/div><!-- close content main div --><\/div><\/div>\n<style type=\"text\/css\" data-created_by=\"avia_inline_auto\" id=\"style-css-av-1o526-e2f0c046c0fb30806099b4feb3c0a234\">\n.avia-section.av-1o526-e2f0c046c0fb30806099b4feb3c0a234{\nbackground-color:#e5e5e5;\nbackground-image:unset;\n}\n<\/style>\n<div id='av_section_2'  class='avia-section av-1o526-e2f0c046c0fb30806099b4feb3c0a234 main_color avia-section-default avia-no-border-styling  avia-builder-el-9  el_after_av_section  el_before_av_one_full  avia-bg-style-scroll container_wrap sidebar_right'  ><div class='container av-section-cont-open' ><div class='template-page content  av-content-small alpha units'><div class='post-entry post-entry-type-page post-entry-18'><div class='entry-content-wrapper clearfix'>\n<section  class='av_textblock_section av-vzha-6d9f9e24b02daa0c017a95d9257b2638 '   itemscope=\"itemscope\" itemtype=\"https:\/\/schema.org\/CreativeWork\" ><div class='avia_textblock'  itemprop=\"text\" >\n<div class=\"wpcf7 no-js\" id=\"wpcf7-f250-o1\" lang=\"es-ES\" dir=\"ltr\" data-wpcf7-id=\"250\">\n<div class=\"screen-reader-response\"><p role=\"status\" aria-live=\"polite\" aria-atomic=\"true\"><\/p> <ul><\/ul><\/div>\n<form action=\"\/index.php\/wp-json\/wp\/v2\/pages\/18#wpcf7-f250-o1\" method=\"post\" class=\"wpcf7-form init\" aria-label=\"Formulario de contacto\" enctype=\"multipart\/form-data\" novalidate=\"novalidate\" data-status=\"init\">\n<fieldset class=\"hidden-fields-container\"><input type=\"hidden\" name=\"_wpcf7\" value=\"250\" \/><input type=\"hidden\" name=\"_wpcf7_version\" value=\"6.1.4\" \/><input type=\"hidden\" name=\"_wpcf7_locale\" value=\"es_ES\" \/><input type=\"hidden\" name=\"_wpcf7_unit_tag\" value=\"wpcf7-f250-o1\" \/><input type=\"hidden\" name=\"_wpcf7_container_post\" value=\"0\" \/><input type=\"hidden\" name=\"_wpcf7_posted_data_hash\" value=\"\" \/>\n<\/fieldset>\n<!-- Nombre (obligatorio) -->\n<div>\n\t<p><label for=\"nombre\">Nombre <span aria-hidden=\"true\">*<\/span><\/label><br \/>\n<span class=\"wpcf7-form-control-wrap\" data-name=\"nombre\"><input size=\"40\" maxlength=\"400\" class=\"wpcf7-form-control wpcf7-text wpcf7-validates-as-required\" aria-required=\"true\" aria-invalid=\"false\" placeholder=\"Tu nombre\" value=\"\" type=\"text\" name=\"nombre\" \/><\/span>\n\t<\/p>\n<\/div>\n\n <!-- Apellidos (obligatorio) -->\n<div>\n\t<p><label for=\"apellidos\">Apellidos <span aria-hidden=\"true\">*<\/span><\/label><br \/>\n<span class=\"wpcf7-form-control-wrap\" data-name=\"apellidos\"><input size=\"40\" maxlength=\"400\" class=\"wpcf7-form-control wpcf7-text wpcf7-validates-as-required\" aria-required=\"true\" aria-invalid=\"false\" placeholder=\"Tus apellidos\" value=\"\" type=\"text\" name=\"apellidos\" \/><\/span>\n\t<\/p>\n<\/div>\n\n <!-- Tel\u00e9fono de contacto (obligatorio) -->\n<div>\n\t<p><label for=\"telefono\">Tel\u00e9fono de contacto <span aria-hidden=\"true\">*<\/span><\/label><br \/>\n<span class=\"wpcf7-form-control-wrap\" data-name=\"telefono\"><input size=\"40\" maxlength=\"400\" class=\"wpcf7-form-control wpcf7-tel wpcf7-validates-as-required wpcf7-text wpcf7-validates-as-tel\" aria-required=\"true\" aria-invalid=\"false\" placeholder=\"Tu tel\u00e9fono\" value=\"\" type=\"tel\" name=\"telefono\" \/><\/span>\n\t<\/p>\n<\/div>\n\n <!-- Email (obligatorio) -->\n<div>\n\t<p><label for=\"email\">Email <span aria-hidden=\"true\">*<\/span><\/label><br \/>\n<span class=\"wpcf7-form-control-wrap\" data-name=\"email\"><input size=\"40\" maxlength=\"400\" class=\"wpcf7-form-control wpcf7-email wpcf7-validates-as-required wpcf7-text wpcf7-validates-as-email\" aria-required=\"true\" aria-invalid=\"false\" placeholder=\"Tu correo electr\u00f3nico\" value=\"\" type=\"email\" name=\"email\" \/><\/span>\n\t<\/p>\n<\/div>\n\n <!-- Cuenta de Instagram (opcional) -->\n<div>\n\t<p><label for=\"instagram\">Cuenta de Instagram<\/label><br \/>\n<span class=\"wpcf7-form-control-wrap\" data-name=\"instagram\"><input size=\"40\" maxlength=\"400\" class=\"wpcf7-form-control wpcf7-text\" aria-invalid=\"false\" placeholder=\"@tucuenta\" value=\"\" type=\"text\" name=\"instagram\" \/><\/span>\n\t<\/p>\n<\/div>\n\n <!-- Dossier en PDF (m\u00e1x. 20Mb) -->\n<div>\n\t<p><label for=\"dossier\">Dossier en PDF (m\u00e1x. 20 MB)<\/label><br \/>\n<span class=\"wpcf7-form-control-wrap\" data-name=\"dossier\"><input size=\"40\" class=\"wpcf7-form-control wpcf7-file wpcf7-validates-as-required\" accept=\".pdf\" aria-required=\"true\" aria-invalid=\"false\" type=\"file\" name=\"dossier\" \/><\/span>\n\t<\/p>\n<\/div>\n<div>\n\t<p><button type=\"submit\">Enviar<\/button>\n\t<\/p>\n<\/div><p style=\"display: none !important;\" class=\"akismet-fields-container\" data-prefix=\"_wpcf7_ak_\"><label>&#916;<textarea name=\"_wpcf7_ak_hp_textarea\" cols=\"45\" rows=\"8\" maxlength=\"100\"><\/textarea><\/label><input type=\"hidden\" id=\"ak_js_1\" name=\"_wpcf7_ak_js\" value=\"53\"\/><script>document.getElementById( \"ak_js_1\" ).setAttribute( \"value\", ( new Date() ).getTime() );<\/script><\/p><div class=\"wpcf7-response-output\" aria-hidden=\"true\"><\/div>\n<\/form>\n<\/div>\n\n<\/div><\/section>\n<\/div><\/div><\/div><!-- close content main div --><\/div><\/div><div id='after_section_2'  class='main_color av_default_container_wrap container_wrap sidebar_right'  ><div class='container av-section-cont-open' ><div class='template-page content  av-content-small alpha units'><div class='post-entry post-entry-type-page post-entry-18'><div class='entry-content-wrapper clearfix'>\n<style type=\"text\/css\" data-created_by=\"avia_inline_auto\" id=\"style-css-av-azui-4aea9bb280540b609a0c03b11f43c0e1\">\n.flex_column.av-azui-4aea9bb280540b609a0c03b11f43c0e1{\nborder-radius:0px 0px 0px 0px;\npadding:0px 0px 0px 0px;\n}\n<\/style>\n<div  class='flex_column av-azui-4aea9bb280540b609a0c03b11f43c0e1 av_one_full  avia-builder-el-11  el_after_av_section  avia-builder-el-no-sibling  first flex_column_div av-zero-column-padding  '     ><p>\n<style type=\"text\/css\" data-created_by=\"avia_inline_auto\" id=\"style-css-av-2ru86-39ff00a24c761c4bb77740de461d90b8\">\n#top .av_textblock_section.av-2ru86-39ff00a24c761c4bb77740de461d90b8 .avia_textblock{\nfont-size:12px;\n}\n<\/style>\n<section  class='av_textblock_section av-2ru86-39ff00a24c761c4bb77740de461d90b8 '   itemscope=\"itemscope\" itemtype=\"https:\/\/schema.org\/CreativeWork\" ><div class='avia_textblock'  itemprop=\"text\" ><p><strong>Un proyecto ideado<\/strong><\/p>\n<\/div><\/section><br \/>\n\n<style type=\"text\/css\" data-created_by=\"avia_inline_auto\" id=\"style-css-av-2c7sy-14525e93fb1d2c76cbf33e877c267fde\">\n#top .hr.hr-invisible.av-2c7sy-14525e93fb1d2c76cbf33e877c267fde{\nmargin-top:-40px;\nheight:1px;\n}\n<\/style>\n<div  class='hr av-2c7sy-14525e93fb1d2c76cbf33e877c267fde hr-invisible  avia-builder-el-13  el_after_av_textblock  el_before_av_partner '><span class='hr-inner '><span class=\"hr-inner-style\"><\/span><\/span><\/div><br \/>\n<div  class='avia-logo-element-container av-1bbby-cce19db3f0fcaac48cc0096a2edc2a18 av-border-deactivate avia-logo-slider avia-content-slider avia-smallarrow-slider avia-content-slider-active noHover avia-content-slider-odd  avia-builder-el-14  el_after_av_hr  avia-builder-el-last  av-slideshow-ui av-control-hidden av-nav-arrows-visible av-nav-dots-visible av-no-slider-navigation av-hide-nav-arrows av-slideshow-autoplay av-loop-endless av-loop-manual-endless avia-content-slider1' data-slideshow-options=\"{&quot;animation&quot;:&quot;slide&quot;,&quot;autoplay&quot;:true,&quot;loop_autoplay&quot;:&quot;endless&quot;,&quot;interval&quot;:5,&quot;loop_manual&quot;:&quot;manual-endless&quot;,&quot;autoplay_stopper&quot;:false,&quot;noNavigation&quot;:true,&quot;bg_slider&quot;:false,&quot;keep_padding&quot;:&quot;&quot;,&quot;hoverpause&quot;:false,&quot;show_slide_delay&quot;:0}\"><div class='avia-smallarrow-slider-heading  no-logo-slider-heading '><\/div><div class=\"avia-content-slider-inner\"><div class=\"slide-entry-wrap\"><div  class='slide-entry av-oz0e-c1f5cfa1f2a299039f0101027522bb34 flex_column no_margin av_fullwidth real-thumbnail post-entry slide-entry-overview slide-loop-1 slide-parity-odd post-entry-last first'><span class='av-partner-fake-img' style='padding-bottom:13.601340033501%; background-image:url(https:\/\/www.elcuartolucido.com\/wp-content\/uploads\/2025\/02\/ECL-colaboradores.png);'><\/span><\/div><\/div><\/div><\/div><\/p><\/div><\/p>\n","protected":false},"excerpt":{"rendered":"","protected":false},"author":2,"featured_media":177,"parent":0,"menu_order":0,"comment_status":"closed","ping_status":"closed","template":"","meta":{"footnotes":""},"class_list":["post-18","page","type-page","status-publish","has-post-thumbnail","hentry"],"_links":{"self":[{"href":"https:\/\/www.elcuartolucido.com\/index.php\/wp-json\/wp\/v2\/pages\/18","targetHints":{"allow":["GET"]}}],"collection":[{"href":"https:\/\/www.elcuartolucido.com\/index.php\/wp-json\/wp\/v2\/pages"}],"about":[{"href":"https:\/\/www.elcuartolucido.com\/index.php\/wp-json\/wp\/v2\/types\/page"}],"author":[{"embeddable":true,"href":"https:\/\/www.elcuartolucido.com\/index.php\/wp-json\/wp\/v2\/users\/2"}],"replies":[{"embeddable":true,"href":"https:\/\/www.elcuartolucido.com\/index.php\/wp-json\/wp\/v2\/comments?post=18"}],"version-history":[{"count":97,"href":"https:\/\/www.elcuartolucido.com\/index.php\/wp-json\/wp\/v2\/pages\/18\/revisions"}],"predecessor-version":[{"id":742,"href":"https:\/\/www.elcuartolucido.com\/index.php\/wp-json\/wp\/v2\/pages\/18\/revisions\/742"}],"wp:featuredmedia":[{"embeddable":true,"href":"https:\/\/www.elcuartolucido.com\/index.php\/wp-json\/wp\/v2\/media\/177"}],"wp:attachment":[{"href":"https:\/\/www.elcuartolucido.com\/index.php\/wp-json\/wp\/v2\/media?parent=18"}],"curies":[{"name":"wp","href":"https:\/\/api.w.org\/{rel}","templated":true}]}}